{"id":1826,"date":"2014-10-11T12:47:38","date_gmt":"2014-10-11T08:47:38","guid":{"rendered":"https:\/\/portail.college-paulhermann.ac-reunion.fr\/wordpress\/?page_id=1826"},"modified":"2014-10-11T13:06:57","modified_gmt":"2014-10-11T09:06:57","slug":"presentation-de-la-segpa","status":"publish","type":"page","link":"https:\/\/portail.college-paulhermann.ac-reunion.fr\/wordpress\/presentation-de-la-segpa\/","title":{"rendered":"La SEGPA"},"content":{"rendered":"<p>La SEGPA du coll\u00e8ge Paul HERMANN peut accueillir 128 \u00e9l\u00e8ves r\u00e9partis en 8 divisions de la 6\u00e8me \u00e0 la 3\u00e8me, chaque division acceptant 16 \u00e9l\u00e8ves maximum. Les \u00e9l\u00e8ves orient\u00e9s en SEGPA n\u2019ont pas acquis toutes les comp\u00e9tences attendues \u00e0 la fin du cycle des apprentissages fondamentaux et ne pourraient pas suivre une scolarit\u00e9 normale au coll\u00e8ge. L\u2019objectif de la SEGPA pour ces \u00e9l\u00e8ves en grande difficult\u00e9 scolaire est de leur permettre d\u2019acc\u00e9der, \u00e0 l\u2019issue de leur scolarisation au coll\u00e8ge, \u00e0 une formation qualifiante de niveau V (CAP) en lyc\u00e9e professionnel ou par la voie de l\u2019apprentissage. Pour ce faire, ils b\u00e9n\u00e9ficient d\u2019un enseignement adapt\u00e9 prenant en compte les programmes destin\u00e9s \u00e0 tous les autres coll\u00e9giens. Six professeurs des \u00e9coles sp\u00e9cialis\u00e9s assurent une partie de l\u2019enseignement g\u00e9n\u00e9ral, des PLC interviennent \u00e9galement en anglais, en EPS et en arts plastiques. A partir de la 4\u00e8me, les \u00e9l\u00e8ves b\u00e9n\u00e9ficient d\u2019un enseignement pr\u00e9 professionnel \u00e0 raison de 6 heures par semaine puis 12 heures en classe de 3\u00e8me. Cet enseignement, auquel s\u2019ajoutent des stages en entreprises et une d\u00e9couverte d\u2019autres plateaux techniques dans le cadre d\u2019un r\u00e9seau avec la SEGPA de Terre-Sainte, leur permet de d\u00e9couvrir diff\u00e9rents champs professionnels et ainsi construire un projet de formation et d\u2019orientation coh\u00e9rent. Les plateaux techniques de la SEGPA de Paul HERMANN, dirig\u00e9s par des professeurs de lyc\u00e9e professionnel, permettent aux \u00e9l\u00e8ves de d\u00e9couvrir et approfondir les m\u00e9tiers :<\/p>\n<p>&#8211; de <a title=\"L\u2019atelier \u00ab\u00a0M\u00e9tiers de l\u2019habitat\u00a0\u00bb\" href=\"https:\/\/portail.college-paulhermann.ac-reunion.fr\/wordpress\/latelier-metiers-de-lhabitat\/\">la construction et de l\u2019habitat<\/a>,<\/p>\n<p>&#8211; de <a title=\"L\u2019atelier \u00ab\u00a0Hygi\u00e8ne alimentation Services\u00a0\u00bb\" href=\"https:\/\/portail.college-paulhermann.ac-reunion.fr\/wordpress\/latelier-hygiene-alimentation-services\/\">la restauration et des services<\/a>,<\/p>\n<p>&#8211; de l\u2019<a title=\"L\u2019atelier \u00ab\u00a0Espace Rural et environnement\u00a0\u00bb\" href=\"https:\/\/portail.college-paulhermann.ac-reunion.fr\/wordpress\/latelier-espace-rural-et-environnement\/\">agriculture, espace rural et environnement<\/a>.<\/p>\n<p>&#8211; de <a title=\"L\u2019atelier \u00ab\u00a0Vente distribution magasinage\u00a0\u00bb\" href=\"https:\/\/portail.college-paulhermann.ac-reunion.fr\/wordpress\/latelier-vente-distribution-magasinage\/\">la vente, la distribution et le magasinage<\/a>.<\/p>\n<p>Au cours de ces heures d\u2019enseignement, les \u00e9l\u00e8ves r\u00e9alisent des objets confectionn\u00e9s propos\u00e9s \u00e0 la vente (repas, plats cuisin\u00e9s, plantes \u00e0 fleurs ou l\u00e9gumi\u00e8res, r\u00e9alisations en b\u00e9ton arm\u00e9) qui participent \u00e0 la valorisation de leur travail et alimentent le budget de fonctionnement de la SEGPA.<\/p>\n<p>Les \u00e9l\u00e8ves de la SEGPA participent aux activit\u00e9s du coll\u00e8ge, pr\u00e9parent et passent les \u00e9preuves de l\u2019ASSR 1 et ASSR 2, ils sont \u00e9valu\u00e9s dans le cadre du B2i et se pr\u00e9sentent en fin de 3\u00e8me \u00e0 l\u2019examen du Certificat de Formation G\u00e9n\u00e9rale (CFG).<\/p>\n<p>Le Directeur assure la coordination des enseignements et le fonctionnement administratif de la SEGPA sous l\u2019autorit\u00e9 du chef d\u2019\u00e9tablissement.<\/p>\n","protected":false},"excerpt":{"rendered":"<p>La SEGPA du coll\u00e8ge Paul HERMANN peut accueillir 128 \u00e9l\u00e8ves r\u00e9partis en 8 divisions de la 6\u00e8me \u00e0 la 3\u00e8me, chaque division acceptant 16 \u00e9l\u00e8ves maximum. Les \u00e9l\u00e8ves orient\u00e9s en SEGPA n\u2019ont pas acquis toutes les comp\u00e9tences attendues \u00e0 la fin du cycle des apprentissages fondamentaux et ne pourraient pas suivre une scolarit\u00e9 normale au [&hellip;]<\/p>\n","protected":false},"author":851,"featured_media":0,"parent":0,"menu_order":0,"comment_status":"closed","ping_status":"closed","template":"","meta":{"ngg_post_thumbnail":0,"_links_to":"","_links_to_target":""},"_links":{"self":[{"href":"https:\/\/portail.college-paulhermann.ac-reunion.fr\/wordpress\/wp-json\/wp\/v2\/pages\/1826"}],"collection":[{"href":"https:\/\/portail.college-paulhermann.ac-reunion.fr\/wordpress\/wp-json\/wp\/v2\/pages"}],"about":[{"href":"https:\/\/portail.college-paulhermann.ac-reunion.fr\/wordpress\/wp-json\/wp\/v2\/types\/page"}],"author":[{"embeddable":true,"href":"https:\/\/portail.college-paulhermann.ac-reunion.fr\/wordpress\/wp-json\/wp\/v2\/users\/851"}],"replies":[{"embeddable":true,"href":"https:\/\/portail.college-paulhermann.ac-reunion.fr\/wordpress\/wp-json\/wp\/v2\/comments?post=1826"}],"version-history":[{"count":4,"href":"https:\/\/portail.college-paulhermann.ac-reunion.fr\/wordpress\/wp-json\/wp\/v2\/pages\/1826\/revisions"}],"predecessor-version":[{"id":1843,"href":"https:\/\/portail.college-paulhermann.ac-reunion.fr\/wordpress\/wp-json\/wp\/v2\/pages\/1826\/revisions\/1843"}],"wp:attachment":[{"href":"https:\/\/portail.college-paulhermann.ac-reunion.fr\/wordpress\/wp-json\/wp\/v2\/media?parent=1826"}],"curies":[{"name":"wp","href":"https:\/\/api.w.org\/{rel}","templated":true}]}}